{"id":21,"date":"2023-08-07T17:22:47","date_gmt":"2023-08-07T15:22:47","guid":{"rendered":"https:\/\/paev.fr\/?page_id=21"},"modified":"2026-03-24T10:20:28","modified_gmt":"2026-03-24T09:20:28","slug":"lequipe","status":"publish","type":"page","link":"https:\/\/paev.fr\/index.php\/lequipe\/","title":{"rendered":"L&rsquo;\u00e9quipe"},"content":{"rendered":"\t\t<div data-elementor-type=\"wp-page\" data-elementor-id=\"21\" class=\"elementor elementor-21\">\n\t\t\t\t\t\t\t<div class=\"elementor-element elementor-element-5f8999c8 e-con-full e-flex e-con\" data-id=\"5f8999c8\" data-element_type=\"container\" id=\"next\" data-settings=\"{&quot;content_width&quot;:&quot;full&quot;}\">\n\t\t\t\t<div class=\"elementor-element elementor-element-5ea05c01 elementor-widget elementor-widget-heading\" data-id=\"5ea05c01\" data-element_type=\"widget\" data-widget_type=\"heading.default\">\n\t\t\t\t<div class=\"elementor-widget-container\">\n\t\t\t<style>\/*! elementor - v3.15.0 - 02-08-2023 *\/\n.elementor-heading-title{padding:0;margin:0;line-height:1}.elementor-widget-heading .elementor-heading-title[class*=elementor-size-]>a{color:inherit;font-size:inherit;line-height:inherit}.elementor-widget-heading .elementor-heading-title.elementor-size-small{font-size:15px}.elementor-widget-heading .elementor-heading-title.elementor-size-medium{font-size:19px}.elementor-widget-heading .elementor-heading-title.elementor-size-large{font-size:29px}.elementor-widget-heading .elementor-heading-title.elementor-size-xl{font-size:39px}.elementor-widget-heading .elementor-heading-title.elementor-size-xxl{font-size:59px}<\/style><h3 class=\"elementor-heading-title elementor-size-default\">L'\u00e9quipe<\/h3>\t\t<\/div>\n\t\t\t\t<\/div>\n\t\t\t\t<div class=\"elementor-element elementor-element-496ce29a elementor-widget elementor-widget-heading\" data-id=\"496ce29a\" data-element_type=\"widget\" data-widget_type=\"heading.default\">\n\t\t\t\t<div class=\"elementor-widget-container\">\n\t\t\t<p class=\"elementor-heading-title elementor-size-default\">Voici les membres de l'association<\/p>\t\t<\/div>\n\t\t\t\t<\/div>\n\t\t<div class=\"elementor-element elementor-element-8c7284b e-con-full e-flex e-con\" data-id=\"8c7284b\" data-element_type=\"container\" data-settings=\"{&quot;content_width&quot;:&quot;full&quot;}\">\n\t\t<div class=\"elementor-element elementor-element-133c081 e-con-full e-flex e-con\" data-id=\"133c081\" data-element_type=\"container\" data-settings=\"{&quot;content_width&quot;:&quot;full&quot;}\">\n\t\t\t\t<div class=\"elementor-element elementor-element-787e617 elementor-position-top elementor-widget elementor-widget-image-box\" data-id=\"787e617\" data-element_type=\"widget\" data-widget_type=\"image-box.default\">\n\t\t\t\t<div class=\"elementor-widget-container\">\n\t\t\t<style>\/*! elementor - v3.15.0 - 02-08-2023 *\/\n.elementor-widget-image-box .elementor-image-box-content{width:100%}@media (min-width:768px){.elementor-widget-image-box.elementor-position-left .elementor-image-box-wrapper,.elementor-widget-image-box.elementor-position-right .elementor-image-box-wrapper{display:flex}.elementor-widget-image-box.elementor-position-right .elementor-image-box-wrapper{text-align:right;flex-direction:row-reverse}.elementor-widget-image-box.elementor-position-left .elementor-image-box-wrapper{text-align:left;flex-direction:row}.elementor-widget-image-box.elementor-position-top .elementor-image-box-img{margin:auto}.elementor-widget-image-box.elementor-vertical-align-top .elementor-image-box-wrapper{align-items:flex-start}.elementor-widget-image-box.elementor-vertical-align-middle .elementor-image-box-wrapper{align-items:center}.elementor-widget-image-box.elementor-vertical-align-bottom .elementor-image-box-wrapper{align-items:flex-end}}@media (max-width:767px){.elementor-widget-image-box .elementor-image-box-img{margin-left:auto!important;margin-right:auto!important;margin-bottom:15px}}.elementor-widget-image-box .elementor-image-box-img{display:inline-block}.elementor-widget-image-box .elementor-image-box-title a{color:inherit}.elementor-widget-image-box .elementor-image-box-wrapper{text-align:center}.elementor-widget-image-box .elementor-image-box-description{margin:0}<\/style><div class=\"elementor-image-box-wrapper\"><figure class=\"elementor-image-box-img\"><a href=\"#\"><img decoding=\"async\" width=\"1000\" height=\"850\" src=\"https:\/\/paev.fr\/wp-content\/uploads\/2026\/03\/Nathalie-Durand-Smart-Comm-LR-4-of-6-1000x850.jpg\" class=\"elementor-animation-grow attachment-organium-gallery-horizontal size-organium-gallery-horizontal wp-image-622\" alt=\"\" loading=\"lazy\" srcset=\"https:\/\/paev.fr\/wp-content\/uploads\/2026\/03\/Nathalie-Durand-Smart-Comm-LR-4-of-6-1000x850.jpg 1000w, https:\/\/paev.fr\/wp-content\/uploads\/2026\/03\/Nathalie-Durand-Smart-Comm-LR-4-of-6-480x408.jpg 480w\" sizes=\"(max-width: 1000px) 100vw, 1000px\" \/><\/a><\/figure><div class=\"elementor-image-box-content\"><h4 class=\"elementor-image-box-title\"><a href=\"#\">Nathalie DURAND<\/a><\/h4><p class=\"elementor-image-box-description\">Pr\u00e9sidente en charge des relations ext\u00e9rieures et de la communication<\/p><\/div><\/div>\t\t<\/div>\n\t\t\t\t<\/div>\n\t\t\t\t<\/div>\n\t\t<div class=\"elementor-element elementor-element-b4702df e-con-full e-flex e-con\" data-id=\"b4702df\" data-element_type=\"container\" data-settings=\"{&quot;content_width&quot;:&quot;full&quot;}\">\n\t\t\t\t<div class=\"elementor-element elementor-element-a84fe8a elementor-position-top elementor-widget elementor-widget-image-box\" data-id=\"a84fe8a\" data-element_type=\"widget\" data-widget_type=\"image-box.default\">\n\t\t\t\t<div class=\"elementor-widget-container\">\n\t\t\t<div class=\"elementor-image-box-wrapper\"><figure class=\"elementor-image-box-img\"><a href=\"#\"><img decoding=\"async\" width=\"480\" height=\"408\" src=\"https:\/\/paev.fr\/wp-content\/uploads\/2024\/01\/Robert-cannistra-480x408.jpg\" class=\"elementor-animation-grow attachment-organium-gallery-standard size-organium-gallery-standard wp-image-368\" alt=\"\" loading=\"lazy\" \/><\/a><\/figure><div class=\"elementor-image-box-content\"><h4 class=\"elementor-image-box-title\"><a href=\"#\">Robert CANNISTRA<\/a><\/h4><p class=\"elementor-image-box-description\">Vice-Pr\u00e9sident en appui des relations ext\u00e9rieures<\/p><\/div><\/div>\t\t<\/div>\n\t\t\t\t<\/div>\n\t\t\t\t<\/div>\n\t\t\t\t<\/div>\n\t\t<div class=\"elementor-element elementor-element-34b0ff75 e-con-full e-flex e-con\" data-id=\"34b0ff75\" data-element_type=\"container\" data-settings=\"{&quot;content_width&quot;:&quot;full&quot;}\">\n\t\t<div class=\"elementor-element elementor-element-3b6e7fc e-con-full e-flex e-con\" data-id=\"3b6e7fc\" data-element_type=\"container\" data-settings=\"{&quot;content_width&quot;:&quot;full&quot;}\">\n\t\t\t\t<div class=\"elementor-element elementor-element-621c986 elementor-position-top elementor-widget elementor-widget-image-box\" data-id=\"621c986\" data-element_type=\"widget\" data-widget_type=\"image-box.default\">\n\t\t\t\t<div class=\"elementor-widget-container\">\n\t\t\t<div class=\"elementor-image-box-wrapper\"><figure class=\"elementor-image-box-img\"><a href=\"#\"><img decoding=\"async\" width=\"425\" height=\"425\" src=\"https:\/\/paev.fr\/wp-content\/uploads\/2024\/01\/Capture-3.png\" class=\"elementor-animation-grow attachment-full size-full wp-image-382\" alt=\"\" loading=\"lazy\" srcset=\"https:\/\/paev.fr\/wp-content\/uploads\/2024\/01\/Capture-3.png 425w, https:\/\/paev.fr\/wp-content\/uploads\/2024\/01\/Capture-3-300x300.png 300w, https:\/\/paev.fr\/wp-content\/uploads\/2024\/01\/Capture-3-150x150.png 150w\" sizes=\"(max-width: 425px) 100vw, 425px\" \/><\/a><\/figure><div class=\"elementor-image-box-content\"><h4 class=\"elementor-image-box-title\"><a href=\"#\">Isabelle VUILLEMENOT<\/a><\/h4><p class=\"elementor-image-box-description\">Secr\u00e9taire g\u00e9n\u00e9ral et administratif<\/p><\/div><\/div>\t\t<\/div>\n\t\t\t\t<\/div>\n\t\t\t\t<\/div>\n\t\t<div class=\"elementor-element elementor-element-733a85d9 e-con-full e-flex e-con\" data-id=\"733a85d9\" data-element_type=\"container\" data-settings=\"{&quot;content_width&quot;:&quot;full&quot;}\">\n\t\t\t\t<div class=\"elementor-element elementor-element-6bdc86e1 elementor-position-top elementor-widget elementor-widget-image-box\" data-id=\"6bdc86e1\" data-element_type=\"widget\" data-widget_type=\"image-box.default\">\n\t\t\t\t<div class=\"elementor-widget-container\">\n\t\t\t<div class=\"elementor-image-box-wrapper\"><figure class=\"elementor-image-box-img\"><a href=\"#\"><img decoding=\"async\" width=\"400\" height=\"400\" src=\"https:\/\/paev.fr\/wp-content\/uploads\/2024\/01\/antoine.jpeg\" class=\"elementor-animation-grow attachment-full size-full wp-image-370\" alt=\"\" loading=\"lazy\" srcset=\"https:\/\/paev.fr\/wp-content\/uploads\/2024\/01\/antoine.jpeg 400w, https:\/\/paev.fr\/wp-content\/uploads\/2024\/01\/antoine-300x300.jpeg 300w, https:\/\/paev.fr\/wp-content\/uploads\/2024\/01\/antoine-150x150.jpeg 150w\" sizes=\"(max-width: 400px) 100vw, 400px\" \/><\/a><\/figure><div class=\"elementor-image-box-content\"><h4 class=\"elementor-image-box-title\"><a href=\"#\">Antonio LAN\u00c7A<\/a><\/h4><p class=\"elementor-image-box-description\">Tr\u00e9sorier<\/p><\/div><\/div>\t\t<\/div>\n\t\t\t\t<\/div>\n\t\t\t\t<\/div>\n\t\t<div class=\"elementor-element elementor-element-59932a34 e-con-full e-flex e-con\" data-id=\"59932a34\" data-element_type=\"container\" data-settings=\"{&quot;content_width&quot;:&quot;full&quot;}\">\n\t\t\t\t<div class=\"elementor-element elementor-element-5a05fcaf elementor-position-top elementor-widget elementor-widget-image-box\" data-id=\"5a05fcaf\" data-element_type=\"widget\" data-widget_type=\"image-box.default\">\n\t\t\t\t<div class=\"elementor-widget-container\">\n\t\t\t<div class=\"elementor-image-box-wrapper\"><figure class=\"elementor-image-box-img\"><a href=\"#\"><img decoding=\"async\" width=\"440\" height=\"440\" src=\"https:\/\/paev.fr\/wp-content\/uploads\/2023\/11\/0003_0004104204_1-440.jpeg\" class=\"elementor-animation-grow attachment-organium-gallery-horizontal size-organium-gallery-horizontal wp-image-315\" alt=\"\" loading=\"lazy\" srcset=\"https:\/\/paev.fr\/wp-content\/uploads\/2023\/11\/0003_0004104204_1-440.jpeg 440w, https:\/\/paev.fr\/wp-content\/uploads\/2023\/11\/0003_0004104204_1-440-300x300.jpeg 300w, https:\/\/paev.fr\/wp-content\/uploads\/2023\/11\/0003_0004104204_1-440-150x150.jpeg 150w\" sizes=\"(max-width: 440px) 100vw, 440px\" \/><\/a><\/figure><div class=\"elementor-image-box-content\"><h4 class=\"elementor-image-box-title\"><a href=\"#\">Xavier GROUALLE<\/a><\/h4><p class=\"elementor-image-box-description\">En appui des organisations d\u2019\u00e9v\u00e9nements<\/p><\/div><\/div>\t\t<\/div>\n\t\t\t\t<\/div>\n\t\t\t\t<\/div>\n\t\t<div class=\"elementor-element elementor-element-47d23ff e-con-full e-flex e-con\" data-id=\"47d23ff\" data-element_type=\"container\" data-settings=\"{&quot;content_width&quot;:&quot;full&quot;}\">\n\t\t\t\t<div class=\"elementor-element elementor-element-6890200 elementor-position-top elementor-widget elementor-widget-image-box\" data-id=\"6890200\" data-element_type=\"widget\" data-widget_type=\"image-box.default\">\n\t\t\t\t<div class=\"elementor-widget-container\">\n\t\t\t<div class=\"elementor-image-box-wrapper\"><figure class=\"elementor-image-box-img\"><a href=\"#\"><img decoding=\"async\" width=\"814\" height=\"850\" src=\"https:\/\/paev.fr\/wp-content\/uploads\/2026\/03\/Photo-profil.-Isabel-COURANT-0226-814x850.png\" class=\"elementor-animation-grow attachment-organium-gallery-horizontal size-organium-gallery-horizontal wp-image-629\" alt=\"\" loading=\"lazy\" \/><\/a><\/figure><div class=\"elementor-image-box-content\"><h4 class=\"elementor-image-box-title\"><a href=\"#\">Isabel COURANT<\/a><\/h4><p class=\"elementor-image-box-description\">En appui des organisations d\u2019\u00e9v\u00e9nements<\/p><\/div><\/div>\t\t<\/div>\n\t\t\t\t<\/div>\n\t\t\t\t<\/div>\n\t\t<div class=\"elementor-element elementor-element-ccd8400 e-con-full e-flex e-con\" data-id=\"ccd8400\" data-element_type=\"container\" data-settings=\"{&quot;content_width&quot;:&quot;full&quot;}\">\n\t\t\t\t<div class=\"elementor-element elementor-element-7bfb28c elementor-position-top elementor-widget elementor-widget-image-box\" data-id=\"7bfb28c\" data-element_type=\"widget\" data-widget_type=\"image-box.default\">\n\t\t\t\t<div class=\"elementor-widget-container\">\n\t\t\t<div class=\"elementor-image-box-wrapper\"><figure class=\"elementor-image-box-img\"><a href=\"#\"><img decoding=\"async\" width=\"980\" height=\"1024\" src=\"https:\/\/paev.fr\/wp-content\/uploads\/2026\/03\/francois-marty-980x1024.jpg\" class=\"elementor-animation-grow attachment-large size-large wp-image-628\" alt=\"\" loading=\"lazy\" srcset=\"https:\/\/paev.fr\/wp-content\/uploads\/2026\/03\/francois-marty-980x1024.jpg 980w, https:\/\/paev.fr\/wp-content\/uploads\/2026\/03\/francois-marty-287x300.jpg 287w, https:\/\/paev.fr\/wp-content\/uploads\/2026\/03\/francois-marty-768x803.jpg 768w, https:\/\/paev.fr\/wp-content\/uploads\/2026\/03\/francois-marty-478x500.jpg 478w, https:\/\/paev.fr\/wp-content\/uploads\/2026\/03\/francois-marty.jpg 1017w\" sizes=\"(max-width: 980px) 100vw, 980px\" \/><\/a><\/figure><div class=\"elementor-image-box-content\"><h4 class=\"elementor-image-box-title\"><a href=\"#\">Fran\u00e7ois MARTY<\/a><\/h4><p class=\"elementor-image-box-description\">En appui des organisations d\u2019\u00e9v\u00e9nements<\/p><\/div><\/div>\t\t<\/div>\n\t\t\t\t<\/div>\n\t\t\t\t<\/div>\n\t\t\t\t<\/div>\n\t\t\t\t<\/div>\n\t\t\t\t\t\t\t<\/div>\n\t\t","protected":false},"excerpt":{"rendered":"<p>L&rsquo;\u00e9quipe Voici les membres de l&rsquo;association Nathalie DURAND Pr\u00e9sidente en charge des relations ext\u00e9rieures et de la communication Robert CANNISTRA Vice-Pr\u00e9sident en appui des relations ext\u00e9rieures Isabelle VUILLEMENOT Secr\u00e9taire g\u00e9n\u00e9ral [&hellip;]<\/p>\n","protected":false},"author":1,"featured_media":0,"parent":0,"menu_order":0,"comment_status":"closed","ping_status":"closed","template":"","meta":[],"_links":{"self":[{"href":"https:\/\/paev.fr\/index.php\/wp-json\/wp\/v2\/pages\/21"}],"collection":[{"href":"https:\/\/paev.fr\/index.php\/wp-json\/wp\/v2\/pages"}],"about":[{"href":"https:\/\/paev.fr\/index.php\/wp-json\/wp\/v2\/types\/page"}],"author":[{"embeddable":true,"href":"https:\/\/paev.fr\/index.php\/wp-json\/wp\/v2\/users\/1"}],"replies":[{"embeddable":true,"href":"https:\/\/paev.fr\/index.php\/wp-json\/wp\/v2\/comments?post=21"}],"version-history":[{"count":37,"href":"https:\/\/paev.fr\/index.php\/wp-json\/wp\/v2\/pages\/21\/revisions"}],"predecessor-version":[{"id":692,"href":"https:\/\/paev.fr\/index.php\/wp-json\/wp\/v2\/pages\/21\/revisions\/692"}],"wp:attachment":[{"href":"https:\/\/paev.fr\/index.php\/wp-json\/wp\/v2\/media?parent=21"}],"curies":[{"name":"wp","href":"https:\/\/api.w.org\/{rel}","templated":true}]}}